{"id":205,"date":"2024-08-21T10:45:11","date_gmt":"2024-08-21T08:45:11","guid":{"rendered":"https:\/\/www.zusklapkova.cz\/web2\/?page_id=205"},"modified":"2024-08-21T10:50:50","modified_gmt":"2024-08-21T08:50:50","slug":"rady-a-smernice","status":"publish","type":"page","link":"https:\/\/www.zusklapkova.cz\/web2\/rady-a-smernice\/","title":{"rendered":"\u0158\u00e1dy a sm\u011brnice"},"content":{"rendered":"\n<h2 class=\"wp-block-heading has-medium-font-size\">\u0160koln\u00ed \u0159\u00e1d platn\u00fd od 1. 9. 2023<\/h2>\n\n\n\n<div data-wp-interactive=\"core\/file\" class=\"wp-block-file\"><object data-wp-bind--hidden=\"!state.hasPdfPreview\" hidden class=\"wp-block-file__embed\" data=\"https:\/\/www.zusklapkova.cz\/web2\/wp-content\/uploads\/2024\/08\/skolni_rad_2023.pdf\" type=\"application\/pdf\" style=\"width:100%;height:600px\" aria-label=\"Vlo\u017eit z \u0160koln\u00ed \u0159\u00e1d platn\u00fd od 1. 9. 2023.\"><\/object><a id=\"wp-block-file--media-baec0e57-efc1-49d9-a8d1-d48317e9d5ce\" href=\"https:\/\/www.zusklapkova.cz\/web2\/wp-content\/uploads\/2024\/08\/skolni_rad_2023.pdf\">\u0160koln\u00ed \u0159\u00e1d platn\u00fd od 1. 9. 2023<\/a><a href=\"https:\/\/www.zusklapkova.cz\/web2\/wp-content\/uploads\/2024\/08\/skolni_rad_2023.pdf\" class=\"wp-block-file__button wp-element-button\" download aria-describedby=\"wp-block-file--media-baec0e57-efc1-49d9-a8d1-d48317e9d5ce\">St\u00e1hnout<\/a><\/div>\n","protected":false},"excerpt":{"rendered":"<p>\u0160koln\u00ed \u0159\u00e1d platn\u00fd od 1. 9. 2023<\/p>\n","protected":false},"author":1,"featured_media":0,"parent":0,"menu_order":0,"comment_status":"closed","ping_status":"closed","template":"","meta":{"footnotes":""},"class_list":["post-205","page","type-page","status-publish","hentry"],"_links":{"self":[{"href":"https:\/\/www.zusklapkova.cz\/web2\/wp-json\/wp\/v2\/pages\/205","targetHints":{"allow":["GET"]}}],"collection":[{"href":"https:\/\/www.zusklapkova.cz\/web2\/wp-json\/wp\/v2\/pages"}],"about":[{"href":"https:\/\/www.zusklapkova.cz\/web2\/wp-json\/wp\/v2\/types\/page"}],"author":[{"embeddable":true,"href":"https:\/\/www.zusklapkova.cz\/web2\/wp-json\/wp\/v2\/users\/1"}],"replies":[{"embeddable":true,"href":"https:\/\/www.zusklapkova.cz\/web2\/wp-json\/wp\/v2\/comments?post=205"}],"version-history":[{"count":2,"href":"https:\/\/www.zusklapkova.cz\/web2\/wp-json\/wp\/v2\/pages\/205\/revisions"}],"predecessor-version":[{"id":209,"href":"https:\/\/www.zusklapkova.cz\/web2\/wp-json\/wp\/v2\/pages\/205\/revisions\/209"}],"wp:attachment":[{"href":"https:\/\/www.zusklapkova.cz\/web2\/wp-json\/wp\/v2\/media?parent=205"}],"curies":[{"name":"wp","href":"https:\/\/api.w.org\/{rel}","templated":true}]}}