{"id":137,"date":"2024-08-18T11:10:28","date_gmt":"2024-08-18T09:10:28","guid":{"rendered":"https:\/\/www.zusklapkova.cz\/web2\/?page_id=137"},"modified":"2026-04-16T15:16:51","modified_gmt":"2026-04-16T13:16:51","slug":"vitejte-na-nasich-strankach","status":"publish","type":"page","link":"https:\/\/www.zusklapkova.cz\/web2\/","title":{"rendered":"Um\u011bleck\u00fd rozvoj pro ka\u017ed\u00e9 d\u00edt\u011b"},"content":{"rendered":"\n<p class=\"has-medium-font-size\">Z\u00e1kladn\u00ed um\u011bleck\u00e1 \u0161kola, Praha 8, Klapkova 25, nab\u00edz\u00ed komplexn\u00ed vzd\u011bl\u00e1n\u00ed v hudebn\u00edm, liter\u00e1rn\u011b-dramatick\u00e9m, tane\u010dn\u00edm a v\u00fdtvarn\u00e9m oboru pro d\u011bti ve v\u011bku 5 a\u017e 18 let. Na\u0161\u00edm posl\u00e1n\u00edm je podporovat kreativitu a um\u011bleck\u00fd r\u016fst ka\u017ed\u00e9ho \u017e\u00e1ka v prost\u0159ed\u00ed, kter\u00e9 inspiruje a motivuje.<\/p>\n\n\n\n<p class=\"has-text-align-center has-large-font-size\"><mark style=\"background-color:#e9f10f;color:#ec0c1b\" class=\"has-inline-color\"><a href=\"https:\/\/www.zusklapkova.cz\/web2\/prijimaci-rizeni-pro-skolni-rok-2026-2027\/\" target=\"_blank\" rel=\"noreferrer noopener\">P\u0159ij\u00edmac\u00ed \u0159\u00edzen\u00ed pro \u0161koln\u00ed rok 2026\/2027<\/a><\/mark><\/p>\n\n\n\n<p class=\"has-text-align-center\"><strong>Nejnov\u011bj\u0161\u00ed p\u0159\u00edsp\u011bvky<\/strong><\/p>\n\n\n<ul class=\"wp-block-latest-posts__list has-dates has-author wp-block-latest-posts\"><li><a class=\"wp-block-latest-posts__post-title\" href=\"https:\/\/www.zusklapkova.cz\/web2\/prijimaci-rizeni-pro-skolni-rok-2026-2027\/\">P\u0159ij\u00edmac\u00ed \u0159\u00edzen\u00ed pro \u0161koln\u00ed rok 2026\/2027<\/a><div class=\"wp-block-latest-posts__post-author\">Autor: zusklapkova<\/div><time datetime=\"2026-03-23T16:20:07+01:00\" class=\"wp-block-latest-posts__post-date\">23. 3. 2026<\/time><div class=\"wp-block-latest-posts__post-excerpt\">Chcete rozv\u00edjet talent sv\u00e9ho d\u00edt\u011bte? P\u0159ihlaste je k n\u00e1m! P\u0159ihl\u00e1\u0161ku m\u016f\u017eete vyplnit do 4. kv\u011btna 2026 (23:59) nebo do napln\u011bn\u00ed kapacity. P\u0159ihl\u00e1\u0161ku vypl\u0148ujte online v na\u0161em rezerva\u010dn\u00edm syst\u00e9mu a zvolte si vhodn\u00fd term\u00edn p\u0159ij\u00edmac\u00edho \u0159\u00edzen\u00ed (cca 10\u201360 minut dle oboru).<\/div><\/li>\n<li><a class=\"wp-block-latest-posts__post-title\" href=\"https:\/\/www.zusklapkova.cz\/web2\/nabidka-prace-ucitel-ka-literarne-dramatickeho-oboru\/\">Nab\u00eddka pr\u00e1ce &#8211; u\u010ditel\/ka liter\u00e1rn\u011b-dramatick\u00e9ho oboru<\/a><div class=\"wp-block-latest-posts__post-author\">Autor: zusklapkova<\/div><time datetime=\"2026-03-20T12:10:03+01:00\" class=\"wp-block-latest-posts__post-date\">20. 3. 2026<\/time><div class=\"wp-block-latest-posts__post-excerpt\">Z\u00e1kladn\u00ed um\u011bleck\u00e1 \u0161kola, Praha 8, Klapkova 25, hled\u00e1 do sv\u00e9ho p\u0159\u00e1telsk\u00e9ho a tv\u016fr\u010d\u00edho t\u00fdmu nad\u0161en\u00e9ho pedagoga na pozici u\u010ditel\/ka liter\u00e1rn\u011b-dramatick\u00e9ho oboru. Pokud milujete divadlo, r\u00e1di pracujete s d\u011btskou p\u0159edstavivost\u00ed a chcete \u017e\u00e1k\u016fm pom\u00e1hat objevovat jejich vlastn\u00ed tv\u016fr\u010d\u00ed hlas a sebev\u011bdom\u00ed, tato p\u0159\u00edle\u017eitost je p\u0159\u00edmo pro v\u00e1s!<\/div><\/li>\n<li><a class=\"wp-block-latest-posts__post-title\" href=\"https:\/\/www.zusklapkova.cz\/web2\/nabidka-prace-ucitel-ka-hry-na-klavir\/\">Nab\u00eddka pr\u00e1ce &#8211; u\u010ditel\/ka hry na klav\u00edr<\/a><div class=\"wp-block-latest-posts__post-author\">Autor: zusklapkova<\/div><time datetime=\"2026-03-16T17:27:53+01:00\" class=\"wp-block-latest-posts__post-date\">16. 3. 2026<\/time><div class=\"wp-block-latest-posts__post-excerpt\">Z\u00e1kladn\u00ed um\u011bleck\u00e1 \u0161kola, Praha 8, Klapkova 25 hled\u00e1 do sv\u00e9ho vst\u0159\u00edcn\u00e9ho a inspirativn\u00edho kolektivu nov\u00e9ho kolegu \u010di kolegyni na pozici: U\u010cITEL\/KA HRY NA KLAV\u00cdR &amp; KOREPETITOR\/KA<\/div><\/li>\n<li><a class=\"wp-block-latest-posts__post-title\" href=\"https:\/\/www.zusklapkova.cz\/web2\/nabidka-prace-ucitel-ka-hry-na-kytaru\/\">Nab\u00eddka pr\u00e1ce &#8211; u\u010ditel\/ka hry na kytaru<\/a><div class=\"wp-block-latest-posts__post-author\">Autor: zusklapkova<\/div><time datetime=\"2026-03-16T17:18:16+01:00\" class=\"wp-block-latest-posts__post-date\">16. 3. 2026<\/time><div class=\"wp-block-latest-posts__post-excerpt\">Z\u00e1kladn\u00ed um\u011bleck\u00e1 \u0161kola, Praha 8, Klapkova 25 hled\u00e1 do sv\u00e9ho p\u0159\u00e1telsk\u00e9ho a tv\u016fr\u010d\u00edho kolektivu nov\u00e9ho kolegu \u010di kolegyni na pozici: U\u010cITEL\/KA HRY NA KYTARU<\/div><\/li>\n<li><a class=\"wp-block-latest-posts__post-title\" href=\"https:\/\/www.zusklapkova.cz\/web2\/pokyn-reditele-kterym-se-provadi-realizace-opatreni-ke-zmirneni-dopadu-inflace-pro-skolni-rok-2025-2026\/\">Pokyn \u0159editele, kter\u00fdm se prov\u00e1d\u00ed realizace Opat\u0159en\u00ed ke zm\u00edrn\u011bn\u00ed dopad\u016f inflace pro \u0161koln\u00ed rok 2025\/2026<\/a><div class=\"wp-block-latest-posts__post-author\">Autor: zusklapkova<\/div><time datetime=\"2026-03-13T11:16:46+01:00\" class=\"wp-block-latest-posts__post-date\">13. 3. 2026<\/time><div class=\"wp-block-latest-posts__post-excerpt\">\u0158editel Z\u00e1kladn\u00ed um\u011bleck\u00e9 \u0161koly, Praha 8, Klapkova 25, d\u00e1le jen \u201eZU\u0160\u201c vyd\u00e1v\u00e1 na z\u00e1klad\u011b usnesen\u00ed Zastupitelstva hlavn\u00edho m\u011bsta Prahy \u010d. 38\/5 ze dne 16. 6. 2022, kter\u00fdm se stanovuj\u00ed Opat\u0159en\u00ed ke zm\u00edrn\u011bn\u00ed dopad\u016f inflace na dom\u00e1cnosti v Praze pro roky 2022\u20132023 a usnesen\u00ed Zastupitelstva hlavn\u00edho m\u011bsta Prahy \u010d. \u010d. 16\/54 ze dne 12. 9. 2025, &hellip; <a href=\"https:\/\/www.zusklapkova.cz\/web2\/pokyn-reditele-kterym-se-provadi-realizace-opatreni-ke-zmirneni-dopadu-inflace-pro-skolni-rok-2025-2026\/\" class=\"more-link\">Pokra\u010dov\u00e1n\u00ed textu <span class=\"screen-reader-text\">Pokyn \u0159editele, kter\u00fdm se prov\u00e1d\u00ed realizace Opat\u0159en\u00ed ke zm\u00edrn\u011bn\u00ed dopad\u016f inflace pro \u0161koln\u00ed rok 2025\/2026<\/span> <span class=\"meta-nav\">&rarr;<\/span><\/a><\/div><\/li>\n<li><a class=\"wp-block-latest-posts__post-title\" href=\"https:\/\/www.zusklapkova.cz\/web2\/koncerty-a-predstaveni-v-breznu-a-dubnu-2026\/\">Koncerty a p\u0159edstaven\u00ed v b\u0159eznu a dubnu 2026<\/a><div class=\"wp-block-latest-posts__post-author\">Autor: zusklapkova<\/div><time datetime=\"2026-03-06T12:11:53+01:00\" class=\"wp-block-latest-posts__post-date\">6. 3. 2026<\/time><div class=\"wp-block-latest-posts__post-excerpt\">Srde\u010dn\u011b v\u00e1s zveme na na\u0161e koncerty, p\u0159edstaven\u00ed a v\u00fdstavy. Za\u010d\u00e1tek je v 18:30 hodin, nen\u00ed-li u jednolit\u00fdch akc\u00ed uvedeno jinak.<\/div><\/li>\n<li><a class=\"wp-block-latest-posts__post-title\" href=\"https:\/\/www.zusklapkova.cz\/web2\/akce-podporene-spolkem-pratel-zus-klapkova-ve-skolnim-roce-2024-2025\/\">Akce podpo\u0159en\u00e9 Spolkem p\u0159\u00e1tel ZU\u0160 Klapkova ve \u0161koln\u00edm roce 2024\/2025<\/a><div class=\"wp-block-latest-posts__post-author\">Autor: zusklapkova<\/div><time datetime=\"2025-11-05T17:29:39+01:00\" class=\"wp-block-latest-posts__post-date\">5. 11. 2025<\/time><div class=\"wp-block-latest-posts__post-excerpt\">Ve \u0161koln\u00edm roce 2024\/2025 finan\u010dn\u011b podpo\u0159il Spolek p\u0159\u00e1tel ZU\u0160 Klapkova tyto akce:<\/div><\/li>\n<li><a class=\"wp-block-latest-posts__post-title\" href=\"https:\/\/www.zusklapkova.cz\/web2\/specialni-pripravny-rocnik-tanecniho-oboru\/\">Speci\u00e1ln\u00ed p\u0159\u00edpravn\u00fd ro\u010dn\u00edk tane\u010dn\u00edho oboru<\/a><div class=\"wp-block-latest-posts__post-author\">Autor: zusklapkova<\/div><time datetime=\"2025-09-29T11:28:00+02:00\" class=\"wp-block-latest-posts__post-date\">29. 9. 2025<\/time><div class=\"wp-block-latest-posts__post-excerpt\">Ve \u0161koln\u00edm roce 2025\/2026 op\u011bt otev\u00edr\u00e1me speci\u00e1ln\u00ed p\u0159\u00edpravn\u00fd ro\u010dn\u00edk tane\u010dn\u00edho oboru, kter\u00fd je ur\u010den d\u011btem, kter\u00fdm budou k 31. 8. 2025 alespo\u0148 \u010dty\u0159i roky a sou\u010dasn\u011b m\u00e9n\u011b ne\u017e p\u011bt let.<\/div><\/li>\n<li><a class=\"wp-block-latest-posts__post-title\" href=\"https:\/\/www.zusklapkova.cz\/web2\/organizace-vzdelavani-ve-skolnim-roce-2025-2026\/\">Organizace vzd\u011bl\u00e1v\u00e1n\u00ed ve \u0161koln\u00edm roce 2025\/2026<\/a><div class=\"wp-block-latest-posts__post-author\">Autor: zusklapkova<\/div><time datetime=\"2025-08-16T23:54:18+02:00\" class=\"wp-block-latest-posts__post-date\">16. 8. 2025<\/time><div class=\"wp-block-latest-posts__post-excerpt\">Pr\u00e1zdniny sp\u011bj\u00ed do fin\u00e1le a na dve\u0159e klepe nov\u00fd \u0161koln\u00ed rok. P\u0159ipravili jsem proto pro v\u00e1s tento soubor informac\u00ed, kter\u00fd by v\u00e1m m\u011bl vstup do nov\u00e9ho \u0161koln\u00edho roku co nejv\u00edce usnadnit.<\/div><\/li>\n<li><a class=\"wp-block-latest-posts__post-title\" href=\"https:\/\/www.zusklapkova.cz\/web2\/slozeni-peveckych-sboru-ve-skolnim-roce-2025-2026\/\">Slo\u017een\u00ed p\u011bveck\u00fdch sbor\u016f ve \u0161koln\u00edm roce 2025\/2026<\/a><div class=\"wp-block-latest-posts__post-author\">Autor: zusklapkova<\/div><time datetime=\"2025-07-09T21:54:50+02:00\" class=\"wp-block-latest-posts__post-date\">9. 7. 2025<\/time><div class=\"wp-block-latest-posts__post-excerpt\">V \u010dl\u00e1nku naleznete slo\u017een\u00ed p\u011bveck\u00fdch sbor\u016f P\u00edsklata, Ku\u0159\u00e1tka, S\u00fdkorky, Sk\u0159iv\u00e1nci a Slav\u00ed\u010dci ve \u0161koln\u00edm roce 2025\/2026. V p\u0159\u00edpad\u011b dotaz\u016f \u010di nejasnost\u00ed kontaktujte pros\u00edm Mgr. Alici Stav\u011blovou, e-mail: alice.stavelova@zusklapkova.cz.<\/div><\/li>\n<li><a class=\"wp-block-latest-posts__post-title\" href=\"https:\/\/www.zusklapkova.cz\/web2\/informace-pro-rodice-zaku-prijatych-do-vytvarneho-oboru-skoly-2\/\">Informace pro rodi\u010de \u017e\u00e1k\u016f p\u0159ijat\u00fdch do v\u00fdtvarn\u00e9ho oboru \u0161koly<\/a><div class=\"wp-block-latest-posts__post-author\">Autor: zusklapkova<\/div><time datetime=\"2025-07-05T11:33:16+02:00\" class=\"wp-block-latest-posts__post-date\">5. 7. 2025<\/time><div class=\"wp-block-latest-posts__post-excerpt\">Gratulujeme v\u00e1m a va\u0161im d\u011btem k p\u0159ijet\u00ed do z\u00e1kladn\u00ed um\u011bleck\u00e9 \u0161koly. Aby V\u00e1\u0161 vstup do nov\u00e9ho prost\u0159ed\u00ed prob\u011bhl hladce, p\u0159ipravili jsme pro V\u00e1s n\u011bkolik informac\u00ed:<\/div><\/li>\n<li><a class=\"wp-block-latest-posts__post-title\" href=\"https:\/\/www.zusklapkova.cz\/web2\/informace-pro-zaky-prijate-do-tanecniho-oboru-skoly-2\/\">Informace pro rodi\u010de \u017e\u00e1k\u016f p\u0159ijat\u00fdch do tane\u010dn\u00edho oboru \u0161koly<\/a><div class=\"wp-block-latest-posts__post-author\">Autor: zusklapkova<\/div><time datetime=\"2025-07-05T10:50:35+02:00\" class=\"wp-block-latest-posts__post-date\">5. 7. 2025<\/time><div class=\"wp-block-latest-posts__post-excerpt\">Gratulaujeme v\u00e1m a va\u0161im d\u011btem k p\u0159ijet\u00ed do z\u00e1kladn\u00ed um\u011bleck\u00e9 \u0161koly. Aby V\u00e1\u0161 vstup do nov\u00e9ho prost\u0159ed\u00ed prob\u011bhl hladce, p\u0159ipravili jsme pro V\u00e1s n\u011bkolik informac\u00ed:<\/div><\/li>\n<li><a class=\"wp-block-latest-posts__post-title\" href=\"https:\/\/www.zusklapkova.cz\/web2\/informace-pro-rodice-zaku-prijatych-do-literarne-dramatickeho-oboru\/\">Informace pro rodi\u010de \u017e\u00e1k\u016f p\u0159ijat\u00fdch do liter\u00e1rn\u011b-dramatick\u00e9ho oboru<\/a><div class=\"wp-block-latest-posts__post-author\">Autor: zusklapkova<\/div><time datetime=\"2025-07-05T10:36:32+02:00\" class=\"wp-block-latest-posts__post-date\">5. 7. 2025<\/time><div class=\"wp-block-latest-posts__post-excerpt\">Gratulujeme v\u00e1m a Va\u0161im d\u011btem k p\u0159ijet\u00ed do z\u00e1kladn\u00ed um\u011bleck\u00e9 \u0161koly. Aby V\u00e1\u0161 vstup do nov\u00e9ho prost\u0159ed\u00ed prob\u011bhl hladce, p\u0159ipravili jsme pro v\u00e1s n\u011bkolik informac\u00ed:<\/div><\/li>\n<li><a class=\"wp-block-latest-posts__post-title\" href=\"https:\/\/www.zusklapkova.cz\/web2\/platba-uplaty-za-vzdelavani-za-i-pololeti-skolniho-roku-2025-2026\/\">Platba \u00faplaty za vzd\u011bl\u00e1v\u00e1n\u00ed za I. pololet\u00ed \u0161koln\u00edho roku 2025\/2026<\/a><div class=\"wp-block-latest-posts__post-author\">Autor: zusklapkova<\/div><time datetime=\"2025-07-04T11:30:08+02:00\" class=\"wp-block-latest-posts__post-date\">4. 7. 2025<\/time><div class=\"wp-block-latest-posts__post-excerpt\">R\u00e1di bychom v\u00e1s informovali, \u017ee \u00faplatu za vzd\u011bl\u00e1v\u00e1n\u00ed v\u00a0z\u00e1kladn\u00ed um\u011bleck\u00e9 \u0161kole pro I. pololet\u00ed \u0161koln\u00edho roku 2025\/2026 bude mo\u017en\u00e9 uhradit bezhotovostn\u011b p\u0159evodem na \u00fa\u010det \u0161koly, a to na z\u00e1klad\u011b pokynu k\u00a0platb\u011b, kter\u00fd od n\u00e1s obdr\u017e\u00edte v druh\u00e9 polovin\u011b srpna 2025.<\/div><\/li>\n<li><a class=\"wp-block-latest-posts__post-title\" href=\"https:\/\/www.zusklapkova.cz\/web2\/informace-pro-rodice-zaku-prijatych-do-hudebniho-oboru-2\/\">Informace pro rodi\u010de \u017e\u00e1k\u016f p\u0159ijat\u00fdch do hudebn\u00edho oboru<\/a><div class=\"wp-block-latest-posts__post-author\">Autor: zusklapkova<\/div><time datetime=\"2025-07-02T15:09:05+02:00\" class=\"wp-block-latest-posts__post-date\">2. 7. 2025<\/time><div class=\"wp-block-latest-posts__post-excerpt\">Gratulujeme v\u00e1m a va\u0161im d\u011btem k p\u0159ijet\u00ed do z\u00e1kladn\u00ed um\u011bleck\u00e9 \u0161koly. Aby v\u00e1\u0161 vstup do nov\u00e9ho prost\u0159ed\u00ed prob\u011bhl hladce, p\u0159ipravili jsme pro v\u00e1s n\u011bkolik informac\u00ed, kter\u00e9 se t\u00fdkaj\u00ed organizace v\u00fduky.<\/div><\/li>\n<li><a class=\"wp-block-latest-posts__post-title\" href=\"https:\/\/www.zusklapkova.cz\/web2\/zapis-do-pripravne-hudebni-vychovy-hudebni-nauky-a-peveckeho-sboru-kuratka-bude-pro-skolni-rok-2025-2026\/\">Z\u00e1pis do p\u0159\u00edpravn\u00e9 hudebn\u00ed v\u00fdchovy, hudebn\u00ed nauky a p\u011bveck\u00e9ho sboru Ku\u0159\u00e1tka pro \u0161koln\u00ed rok 2025\/2026<\/a><div class=\"wp-block-latest-posts__post-author\">Autor: zusklapkova<\/div><time datetime=\"2025-07-02T14:49:33+02:00\" class=\"wp-block-latest-posts__post-date\">2. 7. 2025<\/time><div class=\"wp-block-latest-posts__post-excerpt\">Z\u00e1pis do p\u0159\u00edpravn\u00e9 hudebn\u00ed v\u00fdchovy, hudebn\u00ed nauky a p\u011bveck\u00e9ho sboru Ku\u0159\u00e1tka bude pro \u0161koln\u00ed rok 2025\/2026 prob\u00edhat prost\u0159ednictv\u00edm rezerva\u010dn\u00edho syst\u00e9mu dostupn\u00e9ho p\u0159\u00edmo z\u00a0elektronick\u00e9 \u017e\u00e1kovsk\u00e9 kn\u00ed\u017eky. V\u011bnujte proto pros\u00edm pozornost n\u00e1sleduj\u00edc\u00edm informac\u00edm:<\/div><\/li>\n<li><a class=\"wp-block-latest-posts__post-title\" href=\"https:\/\/www.zusklapkova.cz\/web2\/rozvrh-vytvarneho-oboru-a-rozdeleni-zaku-do-trid-ucitelu-ve-skolnim-roce-2025-2026\/\">Rozvrh v\u00fdtvarn\u00e9ho oboru a rozd\u011blen\u00ed \u017e\u00e1k\u016f do t\u0159\u00edd u\u010ditel\u016f ve \u0161koln\u00edm roce 2025\/2026<\/a><div class=\"wp-block-latest-posts__post-author\">Autor: zusklapkova<\/div><time datetime=\"2025-06-27T13:48:56+02:00\" class=\"wp-block-latest-posts__post-date\">27. 6. 2025<\/time><div class=\"wp-block-latest-posts__post-excerpt\"><\/div><\/li>\n<li><a class=\"wp-block-latest-posts__post-title\" href=\"https:\/\/www.zusklapkova.cz\/web2\/rozvrh-tanecniho-boru-ve-skolnim-roce-2025-2026\/\">Rozvrh tane\u010dn\u00edho oboru ve \u0161koln\u00edm roce 2025\/2026<\/a><div class=\"wp-block-latest-posts__post-author\">Autor: zusklapkova<\/div><time datetime=\"2025-06-27T13:43:53+02:00\" class=\"wp-block-latest-posts__post-date\">27. 6. 2025<\/time><div class=\"wp-block-latest-posts__post-excerpt\"><\/div><\/li>\n<li><a class=\"wp-block-latest-posts__post-title\" href=\"https:\/\/www.zusklapkova.cz\/web2\/rozvrh-literarne-dramatickeho-oboru-ve-skolnim-roce-2025-2026\/\">Rozvrh liter\u00e1rn\u011b-dramatick\u00e9ho oboru ve \u0161koln\u00edm roce 2025\/2026<\/a><div class=\"wp-block-latest-posts__post-author\">Autor: zusklapkova<\/div><time datetime=\"2025-06-27T13:40:00+02:00\" class=\"wp-block-latest-posts__post-date\">27. 6. 2025<\/time><div class=\"wp-block-latest-posts__post-excerpt\"><\/div><\/li>\n<li><a class=\"wp-block-latest-posts__post-title\" href=\"https:\/\/www.zusklapkova.cz\/web2\/rozvrh-hudebni-nauky-peveckych-sboru-souboru-a-orchestru-ve-skolnim-roce-2025-2026\/\">Rozvrh hudebn\u00ed nauky, p\u011bveck\u00fdch sbor\u016f, soubor\u016f a orchestr\u016f ve \u0161koln\u00edm roce 2025\/2026<\/a><div class=\"wp-block-latest-posts__post-author\">Autor: zusklapkova<\/div><time datetime=\"2025-06-27T13:38:15+02:00\" class=\"wp-block-latest-posts__post-date\">27. 6. 2025<\/time><div class=\"wp-block-latest-posts__post-excerpt\"><\/div><\/li>\n<\/ul>","protected":false},"excerpt":{"rendered":"<p>Z\u00e1kladn\u00ed um\u011bleck\u00e1 \u0161kola, Praha 8, Klapkova 25, nab\u00edz\u00ed komplexn\u00ed vzd\u011bl\u00e1n\u00ed v hudebn\u00edm, liter\u00e1rn\u011b-dramatick\u00e9m, tane\u010dn\u00edm a v\u00fdtvarn\u00e9m oboru pro d\u011bti ve v\u011bku 5 a\u017e 18 let. Na\u0161\u00edm posl\u00e1n\u00edm je podporovat kreativitu a um\u011bleck\u00fd r\u016fst ka\u017ed\u00e9ho \u017e\u00e1ka v prost\u0159ed\u00ed, kter\u00e9 inspiruje a motivuje. P\u0159ij\u00edmac\u00ed \u0159\u00edzen\u00ed pro \u0161koln\u00ed rok 2026\/2027 Nejnov\u011bj\u0161\u00ed p\u0159\u00edsp\u011bvky<\/p>\n","protected":false},"author":1,"featured_media":0,"parent":0,"menu_order":0,"comment_status":"closed","ping_status":"closed","template":"","meta":{"footnotes":""},"class_list":["post-137","page","type-page","status-publish","hentry"],"_links":{"self":[{"href":"https:\/\/www.zusklapkova.cz\/web2\/wp-json\/wp\/v2\/pages\/137","targetHints":{"allow":["GET"]}}],"collection":[{"href":"https:\/\/www.zusklapkova.cz\/web2\/wp-json\/wp\/v2\/pages"}],"about":[{"href":"https:\/\/www.zusklapkova.cz\/web2\/wp-json\/wp\/v2\/types\/page"}],"author":[{"embeddable":true,"href":"https:\/\/www.zusklapkova.cz\/web2\/wp-json\/wp\/v2\/users\/1"}],"replies":[{"embeddable":true,"href":"https:\/\/www.zusklapkova.cz\/web2\/wp-json\/wp\/v2\/comments?post=137"}],"version-history":[{"count":22,"href":"https:\/\/www.zusklapkova.cz\/web2\/wp-json\/wp\/v2\/pages\/137\/revisions"}],"predecessor-version":[{"id":745,"href":"https:\/\/www.zusklapkova.cz\/web2\/wp-json\/wp\/v2\/pages\/137\/revisions\/745"}],"wp:attachment":[{"href":"https:\/\/www.zusklapkova.cz\/web2\/wp-json\/wp\/v2\/media?parent=137"}],"curies":[{"name":"wp","href":"https:\/\/api.w.org\/{rel}","templated":true}]}}